{"id":513,"date":"2025-11-06T12:27:42","date_gmt":"2025-11-06T11:27:42","guid":{"rendered":"https:\/\/refugelacblanc.com\/?page_id=513"},"modified":"2025-12-12T15:42:05","modified_gmt":"2025-12-12T14:42:05","slug":"reservation","status":"publish","type":"page","link":"https:\/\/refugelacblanc.com\/en\/reservation\/","title":{"rendered":"Booking"},"content":{"rendered":"<div data-elementor-type=\"wp-page\" data-elementor-id=\"513\" class=\"elementor elementor-513\" data-elementor-post-type=\"page\">\n\t\t\t\t<div class=\"elementor-element elementor-element-1d26f46 hero-section has--background e-flex e-con-boxed e-con e-parent\" data-id=\"1d26f46\" data-element_type=\"container\" data-e-type=\"container\" data-settings=\"{&quot;background_background&quot;:&quot;classic&quot;}\">\n\t\t\t\t\t<div class=\"e-con-inner\">\n\t\t\t\t<div class=\"elementor-element elementor-element-9b5ce9f elementor-widget elementor-widget-heading\" data-id=\"9b5ce9f\" data-element_type=\"widget\" data-e-type=\"widget\" data-widget_type=\"heading.default\">\n\t\t\t\t\t<h2 class=\"elementor-heading-title elementor-size-default\">Manage my booking<\/h2>\t\t\t\t<\/div>\n\t\t\t\t\t<\/div>\n\t\t\t\t<\/div>\n\t\t<div class=\"elementor-element elementor-element-ec3d969 e-flex e-con-boxed e-con e-parent\" data-id=\"ec3d969\" data-element_type=\"container\" data-e-type=\"container\">\n\t\t\t\t\t<div class=\"e-con-inner\">\n\t\t<div class=\"elementor-element elementor-element-a3ad7b4 e-con-full clouds-separator e-flex e-con e-child\" data-id=\"a3ad7b4\" data-element_type=\"container\" data-e-type=\"container\" data-settings=\"{&quot;position&quot;:&quot;absolute&quot;}\">\n\t\t\t\t<div class=\"elementor-element elementor-element-b3400df elementor-widget elementor-widget-shortcode\" data-id=\"b3400df\" data-element_type=\"widget\" data-e-type=\"widget\" data-widget_type=\"shortcode.default\">\n\t\t\t\t\t\t\t<div class=\"elementor-shortcode\">    <div class=\"clouds-wrapper is--size-small\" id=\"clouds-separator-home-2\">\n        <div class=\"tm-trigger is--clouds-home-2\" tm-target=\"clouds-separator-home-2\"><\/div>\n\n        <div class=\"clouds-wrapper__separator\">\n                            <div class=\"clouds-wrapper__start-overlay\">\n                    <div class=\"clouds-wrapper__start\">\n                                                    <img decoding=\"async\" class=\"cloud is--1\"\n                                src=\"https:\/\/refugelacblanc.com\/wp-content\/uploads\/2025\/11\/cloud-style-1-white.webp\"\n                                alt=\"Cloud separator\" \/>\n                                                    <img decoding=\"async\" class=\"cloud is--2\"\n                                src=\"https:\/\/refugelacblanc.com\/wp-content\/uploads\/2025\/11\/cloud-style-2-white.webp\"\n                                alt=\"Cloud separator\" \/>\n                                                    <img decoding=\"async\" class=\"cloud is--3\"\n                                src=\"https:\/\/refugelacblanc.com\/wp-content\/uploads\/2025\/11\/cloud-style-3-white.webp\"\n                                alt=\"Cloud separator\" \/>\n                                                    <img decoding=\"async\" class=\"cloud is--4\"\n                                src=\"https:\/\/refugelacblanc.com\/wp-content\/uploads\/2025\/11\/cloud-style-1-white.webp\"\n                                alt=\"Cloud separator\" \/>\n                                                    <img decoding=\"async\" class=\"cloud is--5\"\n                                src=\"https:\/\/refugelacblanc.com\/wp-content\/uploads\/2025\/11\/cloud-style-2-white.webp\"\n                                alt=\"Cloud separator\" \/>\n                                                    <img decoding=\"async\" class=\"cloud is--6\"\n                                src=\"https:\/\/refugelacblanc.com\/wp-content\/uploads\/2025\/11\/cloud-style-3-white.webp\"\n                                alt=\"Cloud separator\" \/>\n                                                    <img decoding=\"async\" class=\"cloud is--7\"\n                                src=\"https:\/\/refugelacblanc.com\/wp-content\/uploads\/2025\/11\/cloud-style-1-white.webp\"\n                                alt=\"Cloud separator\" \/>\n                                                    <img decoding=\"async\" class=\"cloud is--8\"\n                                src=\"https:\/\/refugelacblanc.com\/wp-content\/uploads\/2025\/11\/cloud-style-2-white.webp\"\n                                alt=\"Cloud separator\" \/>\n                                                    <img decoding=\"async\" class=\"cloud is--9\"\n                                src=\"https:\/\/refugelacblanc.com\/wp-content\/uploads\/2025\/11\/cloud-style-3-white.webp\"\n                                alt=\"Cloud separator\" \/>\n                                                    <img decoding=\"async\" class=\"cloud is--10\"\n                                src=\"https:\/\/refugelacblanc.com\/wp-content\/uploads\/2025\/11\/cloud-style-1-white.webp\"\n                                alt=\"Cloud separator\" \/>\n                                                    <img decoding=\"async\" class=\"cloud is--11\"\n                                src=\"https:\/\/refugelacblanc.com\/wp-content\/uploads\/2025\/11\/cloud-style-2-white.webp\"\n                                alt=\"Cloud separator\" \/>\n                                                    <img decoding=\"async\" class=\"cloud is--12\"\n                                src=\"https:\/\/refugelacblanc.com\/wp-content\/uploads\/2025\/11\/cloud-style-3-white.webp\"\n                                alt=\"Cloud separator\" \/>\n                                            <\/div>\n                <\/div>\n                            <div class=\"clouds-wrapper__middle-overlay\">\n                    <div class=\"clouds-wrapper__middle\">\n                                                    <img decoding=\"async\" class=\"cloud is--1\"\n                                src=\"https:\/\/refugelacblanc.com\/wp-content\/uploads\/2025\/11\/cloud-style-2-white.webp\"\n                                alt=\"Cloud separator\" \/>\n                                                    <img decoding=\"async\" class=\"cloud is--2\"\n                                src=\"https:\/\/refugelacblanc.com\/wp-content\/uploads\/2025\/11\/cloud-style-3-white.webp\"\n                                alt=\"Cloud separator\" \/>\n                                                    <img decoding=\"async\" class=\"cloud is--3\"\n                                src=\"https:\/\/refugelacblanc.com\/wp-content\/uploads\/2025\/11\/cloud-style-1-white.webp\"\n                                alt=\"Cloud separator\" \/>\n                                                    <img decoding=\"async\" class=\"cloud is--4\"\n                                src=\"https:\/\/refugelacblanc.com\/wp-content\/uploads\/2025\/11\/cloud-style-2-white.webp\"\n                                alt=\"Cloud separator\" \/>\n                                                    <img decoding=\"async\" class=\"cloud is--5\"\n                                src=\"https:\/\/refugelacblanc.com\/wp-content\/uploads\/2025\/11\/cloud-style-3-white.webp\"\n                                alt=\"Cloud separator\" \/>\n                                                    <img decoding=\"async\" class=\"cloud is--6\"\n                                src=\"https:\/\/refugelacblanc.com\/wp-content\/uploads\/2025\/11\/cloud-style-1-white.webp\"\n                                alt=\"Cloud separator\" \/>\n                                                    <img decoding=\"async\" class=\"cloud is--7\"\n                                src=\"https:\/\/refugelacblanc.com\/wp-content\/uploads\/2025\/11\/cloud-style-1-white.webp\"\n                                alt=\"Cloud separator\" \/>\n                                                    <img decoding=\"async\" class=\"cloud is--8\"\n                                src=\"https:\/\/refugelacblanc.com\/wp-content\/uploads\/2025\/11\/cloud-style-2-white.webp\"\n                                alt=\"Cloud separator\" \/>\n                                                    <img decoding=\"async\" class=\"cloud is--9\"\n                                src=\"https:\/\/refugelacblanc.com\/wp-content\/uploads\/2025\/11\/cloud-style-3-white.webp\"\n                                alt=\"Cloud separator\" \/>\n                                                    <img decoding=\"async\" class=\"cloud is--10\"\n                                src=\"https:\/\/refugelacblanc.com\/wp-content\/uploads\/2025\/11\/cloud-style-1-white.webp\"\n                                alt=\"Cloud separator\" \/>\n                                                    <img decoding=\"async\" class=\"cloud is--11\"\n                                src=\"https:\/\/refugelacblanc.com\/wp-content\/uploads\/2025\/11\/cloud-style-2-white.webp\"\n                                alt=\"Cloud separator\" \/>\n                                                    <img decoding=\"async\" class=\"cloud is--12\"\n                                src=\"https:\/\/refugelacblanc.com\/wp-content\/uploads\/2025\/11\/cloud-style-3-white.webp\"\n                                alt=\"Cloud separator\" \/>\n                                            <\/div>\n                <\/div>\n                            <div class=\"clouds-wrapper__end-overlay\">\n                    <div class=\"clouds-wrapper__end\">\n                                                    <img decoding=\"async\" class=\"cloud is--1\"\n                                src=\"https:\/\/refugelacblanc.com\/wp-content\/uploads\/2025\/11\/cloud-style-3-white.webp\"\n                                alt=\"Cloud separator\" \/>\n                                                    <img decoding=\"async\" class=\"cloud is--2\"\n                                src=\"https:\/\/refugelacblanc.com\/wp-content\/uploads\/2025\/11\/cloud-style-1-white.webp\"\n                                alt=\"Cloud separator\" \/>\n                                                    <img decoding=\"async\" class=\"cloud is--3\"\n                                src=\"https:\/\/refugelacblanc.com\/wp-content\/uploads\/2025\/11\/cloud-style-2-white.webp\"\n                                alt=\"Cloud separator\" \/>\n                                                    <img decoding=\"async\" class=\"cloud is--4\"\n                                src=\"https:\/\/refugelacblanc.com\/wp-content\/uploads\/2025\/11\/cloud-style-3-white.webp\"\n                                alt=\"Cloud separator\" \/>\n                                                    <img decoding=\"async\" class=\"cloud is--5\"\n                                src=\"https:\/\/refugelacblanc.com\/wp-content\/uploads\/2025\/11\/cloud-style-1-white.webp\"\n                                alt=\"Cloud separator\" \/>\n                                                    <img decoding=\"async\" class=\"cloud is--6\"\n                                src=\"https:\/\/refugelacblanc.com\/wp-content\/uploads\/2025\/11\/cloud-style-2-white.webp\"\n                                alt=\"Cloud separator\" \/>\n                                                    <img decoding=\"async\" class=\"cloud is--7\"\n                                src=\"https:\/\/refugelacblanc.com\/wp-content\/uploads\/2025\/11\/cloud-style-1-white.webp\"\n                                alt=\"Cloud separator\" \/>\n                                                    <img decoding=\"async\" class=\"cloud is--8\"\n                                src=\"https:\/\/refugelacblanc.com\/wp-content\/uploads\/2025\/11\/cloud-style-2-white.webp\"\n                                alt=\"Cloud separator\" \/>\n                                                    <img decoding=\"async\" class=\"cloud is--9\"\n                                src=\"https:\/\/refugelacblanc.com\/wp-content\/uploads\/2025\/11\/cloud-style-3-white.webp\"\n                                alt=\"Cloud separator\" \/>\n                                                    <img decoding=\"async\" class=\"cloud is--10\"\n                                src=\"https:\/\/refugelacblanc.com\/wp-content\/uploads\/2025\/11\/cloud-style-1-white.webp\"\n                                alt=\"Cloud separator\" \/>\n                                                    <img decoding=\"async\" class=\"cloud is--11\"\n                                src=\"https:\/\/refugelacblanc.com\/wp-content\/uploads\/2025\/11\/cloud-style-2-white.webp\"\n                                alt=\"Cloud separator\" \/>\n                                                    <img decoding=\"async\" class=\"cloud is--12\"\n                                src=\"https:\/\/refugelacblanc.com\/wp-content\/uploads\/2025\/11\/cloud-style-3-white.webp\"\n                                alt=\"Cloud separator\" \/>\n                                            <\/div>\n                <\/div>\n                    <\/div>\n    <\/div>\n  <\/div>\n\t\t\t\t\t\t<\/div>\n\t\t\t\t<\/div>\n\t\t<div class=\"elementor-element elementor-element-827c032 e-con-full e-flex e-con e-child\" data-id=\"827c032\" data-element_type=\"container\" data-e-type=\"container\">\n\t\t<div class=\"elementor-element elementor-element-7552348 e-con-full e-flex e-con e-child\" data-id=\"7552348\" data-element_type=\"container\" data-e-type=\"container\">\n\t\t\t\t<div class=\"elementor-element elementor-element-cee35c7 elementor-widget elementor-widget-shortcode\" data-id=\"cee35c7\" data-element_type=\"widget\" data-e-type=\"widget\" data-widget_type=\"shortcode.default\">\n\t\t\t\t\t\t\t<div class=\"elementor-shortcode\">    <nav class=\"tm-breadcrumb is--style-dark\" aria-label=\"Breadcrumb\">\n        <ol class=\"tm-breadcrumb__list\">\n\n            <!-- Home -->\n            <li class=\"tm-breadcrumb__item tm-breadcrumb__item--home\">\n                <a href=\"https:\/\/refugelacblanc.com\/en\/\" class=\"tm-breadcrumb__link\">\n                    <span class=\"tm-breadcrumb__icon tm-breadcrumb__icon--home\">\n        <svg width=\"100%\" height=\"100%\" viewbox=\"0 0 12 11\" fill=\"none\" xmlns=\"http:\/\/www.w3.org\/2000\/svg\" aria-hidden=\"true\">\n            <g clip-path=\"url(#clip0)\">\n                <path fill-rule=\"evenodd\" clip-rule=\"evenodd\"\n                 d=\"M6 0L0 5.90684L1.46387 6.67931L5.96094 1.93361L10.5361 6.68029L12 5.90783L6 0ZM1.7832 6.83439L6.00586 2.58927L10.2158 6.83439V10.999H7.14063V8.05737H4.83301V10.999H1.7832V6.83439Z\"\n                 fill=\"#FAFAFA\"\/>\n            <\/g>\n            <defs><clippath id=\"clip0\"><rect width=\"12\" height=\"11\"\/><\/clippath><\/defs>\n        <\/svg>\n    <\/span>\n                    <span class=\"tm-breadcrumb__text\">Home<\/span>\n                <\/a>\n            <\/li>\n\n            \n            <li class=\"tm-breadcrumb__separator\">\n                <span class=\"tm-breadcrumb__icon tm-breadcrumb__icon--separator\">\n        <svg width=\"100%\" height=\"100%\" viewbox=\"0 0 5 10\" fill=\"none\" xmlns=\"http:\/\/www.w3.org\/2000\/svg\" aria-hidden=\"true\">\n            <path d=\"M0.145947 0.871528C-0.0520802 0.667868 -0.0475965 0.343354 0.155661 0.145662C0.359666 -0.0520296 0.68473 -0.047554 0.882757 0.156106L4.85301 4.24273L4.8433 4.97084L0.882757 9.01121C0.68473 9.21487 0.359666 9.21935 0.155661 9.02166C-0.0483441 8.82396 -0.0520802 8.4987 0.145947 8.29579L3.76722 4.59933L0.145947 0.871528Z\"\n             fill=\"currentColor\"\/>\n        <\/svg>\n    <\/span>\n            <\/li>\n\n            <!-- Current page -->\n            <li class=\"tm-breadcrumb__item tm-breadcrumb__item--current\" aria-current=\"page\">\n                <span class=\"tm-breadcrumb__text\">Manage reservation<\/span>\n            <\/li>\n        <\/ol>\n    <\/nav>\n<\/div>\n\t\t\t\t\t\t<\/div>\n\t\t<div class=\"elementor-element elementor-element-d563d05 e-con-full itinerary__menu e-flex e-con e-child\" data-id=\"d563d05\" data-element_type=\"container\" data-e-type=\"container\">\n\t\t\t\t<div class=\"elementor-element elementor-element-22e08ae elementor-widget elementor-widget-text-editor\" data-id=\"22e08ae\" data-element_type=\"widget\" data-e-type=\"widget\" data-widget_type=\"text-editor.default\">\n\t\t\t\t\t\t\t\t\t<p>To make your reservation at the refuge:<\/p>\t\t\t\t\t\t\t\t<\/div>\n\t\t\t\t<div class=\"elementor-element elementor-element-445d945 tm-btn__elementor elementor-widget elementor-widget-button\" data-id=\"445d945\" data-element_type=\"widget\" data-e-type=\"widget\" data-widget_type=\"button.default\">\n\t\t\t\t\t\t\t\t\t\t<a class=\"elementor-button elementor-button-link elementor-size-sm\" href=\"https:\/\/refugelacblanc.com\/en\/\">\n\t\t\t\t\t\t<span class=\"elementor-button-content-wrapper\">\n\t\t\t\t\t\t\t\t\t<span class=\"elementor-button-text\">Book your stay<\/span>\n\t\t\t\t\t<\/span>\n\t\t\t\t\t<\/a>\n\t\t\t\t\t\t\t\t<\/div>\n\t\t\t\t<\/div>\n\t\t\t\t<div class=\"elementor-element elementor-element-a753683 elementor-widget elementor-widget-heading\" data-id=\"a753683\" data-element_type=\"widget\" data-e-type=\"widget\" data-widget_type=\"heading.default\">\n\t\t\t\t\t<h2 class=\"elementor-heading-title elementor-size-default\">Find my booking<\/h2>\t\t\t\t<\/div>\n\t\t\t\t<div class=\"elementor-element elementor-element-5418c82 opacity-75 elementor-widget elementor-widget-text-editor\" data-id=\"5418c82\" data-element_type=\"widget\" data-e-type=\"widget\" data-widget_type=\"text-editor.default\">\n\t\t\t\t\t\t\t\t\t<p>Use the exact booking number and last name you received by email.<\/p>\t\t\t\t\t\t\t\t<\/div>\n\t\t\t\t<div class=\"elementor-element elementor-element-820aade elementor-widget elementor-widget-wp-widget-tooltip_modification_reservation_widget\" data-id=\"820aade\" data-element_type=\"widget\" data-e-type=\"widget\" data-widget_type=\"wp-widget-tooltip_modification_reservation_widget.default\">\n\t\t\t\t<div class=\"elementor-widget-container\">\n\t\t\t\t\t        <div id=\"root-app-reservation-modification\"><\/div>\n        \t\t\t\t<\/div>\n\t\t\t\t<\/div>\n\t\t\t\t<\/div>\n\t\t\t\t<\/div>\n\t\t\t\t\t<\/div>\n\t\t\t\t<\/div>\n\t\t<div class=\"elementor-element elementor-element-3f849ec e-flex e-con-boxed e-con e-parent\" data-id=\"3f849ec\" data-element_type=\"container\" data-e-type=\"container\">\n\t\t\t\t\t<div class=\"e-con-inner\">\n\t\t\t\t<div class=\"elementor-element elementor-element-a9715e1 elementor-widget elementor-widget-template\" data-id=\"a9715e1\" data-element_type=\"widget\" data-e-type=\"widget\" data-widget_type=\"template.default\">\n\t\t\t\t<div class=\"elementor-widget-container\">\n\t\t\t\t\t\t\t<div class=\"elementor-template\">\n\t\t\t\t\t<div data-elementor-type=\"container\" data-elementor-id=\"2144\" class=\"elementor elementor-2144\" data-elementor-post-type=\"elementor_library\">\n\t\t\t\t<section class=\"elementor-element elementor-element-1ab3eb79 navigate-more scroll-anim__fade-in e-flex e-con-boxed e-con e-parent\" data-id=\"1ab3eb79\" data-element_type=\"container\" data-e-type=\"container\" id=\"explore__block\" data-settings=\"{&quot;background_background&quot;:&quot;classic&quot;}\">\n\t\t\t\t\t<div class=\"e-con-inner\">\n\t\t<div class=\"elementor-element elementor-element-2072f1fe e-con-full e-flex e-con e-child\" data-id=\"2072f1fe\" data-element_type=\"container\" data-e-type=\"container\">\n\t\t\t\t<div class=\"elementor-element elementor-element-1d67256 elementor-widget__width-inherit elementor-widget elementor-widget-heading\" data-id=\"1d67256\" data-element_type=\"widget\" data-e-type=\"widget\" data-widget_type=\"heading.default\">\n\t\t\t\t\t<p class=\"elementor-heading-title elementor-size-default\">Continue exploring<\/p>\t\t\t\t<\/div>\n\t\t<div class=\"elementor-element elementor-element-37294b6 e-con-full e-flex e-con e-child\" data-id=\"37294b6\" data-element_type=\"container\" data-e-type=\"container\">\n\t\t<a class=\"elementor-element elementor-element-180e195c e-con-full section-link e-flex e-con e-child\" data-id=\"180e195c\" data-element_type=\"container\" data-e-type=\"container\" tm-page-link=\"home\" href=\"https:\/\/refugelacblanc.com\/en\/\">\n\t\t\t\t<div class=\"elementor-element elementor-element-22d2a5df elementor-widget elementor-widget-heading\" data-id=\"22d2a5df\" data-element_type=\"widget\" data-e-type=\"widget\" data-widget_type=\"heading.default\">\n\t\t\t\t\t<h3 class=\"elementor-heading-title elementor-size-default\">Home &amp; booking<\/h3>\t\t\t\t<\/div>\n\t\t\t\t<div class=\"elementor-element elementor-element-327f29b9 elementor-widget elementor-widget-html\" data-id=\"327f29b9\" data-element_type=\"widget\" data-e-type=\"widget\" data-widget_type=\"html.default\">\n\t\t\t\t\t<svg width=\"100%\" height=\"100%\" viewbox=\"0 0 6 11\" fill=\"none\" xmlns=\"http:\/\/www.w3.org\/2000\/svg\">\n<path d=\"M0.175137 1.04544C-0.0624957 0.801051 -0.057116 0.411634 0.186794 0.174404C0.4316 -0.0628252 0.821676 -0.0574541 1.05931 0.186937L5.82361 5.09089L5.38153 5.52059L5.82541 5.09089C6.06304 5.33618 6.05766 5.72649 5.81196 5.96461C5.80478 5.97178 5.79761 5.97804 5.79043 5.98431L1.05931 10.8131C0.821676 11.0575 0.4316 11.0628 0.186794 10.8256C-0.0580125 10.5884 -0.0624957 10.1981 0.175137 9.95456L4.52067 5.5188L0.175137 1.04544Z\" fill=\"#FAFAFA\"\/>\n<\/svg>\n\t\t\t\t<\/div>\n\t\t\t\t<\/a>\n\t\t<a class=\"elementor-element elementor-element-2dedacef e-con-full section-link e-flex e-con e-child\" data-id=\"2dedacef\" data-element_type=\"container\" data-e-type=\"container\" tm-page-link=\"access\" href=\"https:\/\/refugelacblanc.com\/en\/acces\/\">\n\t\t\t\t<div class=\"elementor-element elementor-element-4fa009c9 elementor-widget elementor-widget-heading\" data-id=\"4fa009c9\" data-element_type=\"widget\" data-e-type=\"widget\" data-widget_type=\"heading.default\">\n\t\t\t\t\t<h3 class=\"elementor-heading-title elementor-size-default\">Access<\/h3>\t\t\t\t<\/div>\n\t\t\t\t<div class=\"elementor-element elementor-element-425bd46b elementor-widget elementor-widget-html\" data-id=\"425bd46b\" data-element_type=\"widget\" data-e-type=\"widget\" data-widget_type=\"html.default\">\n\t\t\t\t\t<svg width=\"100%\" height=\"100%\" viewbox=\"0 0 6 11\" fill=\"none\" xmlns=\"http:\/\/www.w3.org\/2000\/svg\">\n<path d=\"M0.175137 1.04544C-0.0624957 0.801051 -0.057116 0.411634 0.186794 0.174404C0.4316 -0.0628252 0.821676 -0.0574541 1.05931 0.186937L5.82361 5.09089L5.38153 5.52059L5.82541 5.09089C6.06304 5.33618 6.05766 5.72649 5.81196 5.96461C5.80478 5.97178 5.79761 5.97804 5.79043 5.98431L1.05931 10.8131C0.821676 11.0575 0.4316 11.0628 0.186794 10.8256C-0.0580125 10.5884 -0.0624957 10.1981 0.175137 9.95456L4.52067 5.5188L0.175137 1.04544Z\" fill=\"#FAFAFA\"\/>\n<\/svg>\n\t\t\t\t<\/div>\n\t\t\t\t<\/a>\n\t\t<a class=\"elementor-element elementor-element-47819e16 e-con-full section-link e-flex e-con e-child\" data-id=\"47819e16\" data-element_type=\"container\" data-e-type=\"container\" tm-page-link=\"winter\" href=\"https:\/\/refugelacblanc.com\/en\/hiver\/\">\n\t\t\t\t<div class=\"elementor-element elementor-element-22066490 elementor-widget elementor-widget-heading\" data-id=\"22066490\" data-element_type=\"widget\" data-e-type=\"widget\" data-widget_type=\"heading.default\">\n\t\t\t\t\t<h3 class=\"elementor-heading-title elementor-size-default\">The refuge in winter<\/h3>\t\t\t\t<\/div>\n\t\t\t\t<div class=\"elementor-element elementor-element-2bbce8c6 elementor-widget elementor-widget-html\" data-id=\"2bbce8c6\" data-element_type=\"widget\" data-e-type=\"widget\" data-widget_type=\"html.default\">\n\t\t\t\t\t<svg width=\"100%\" height=\"100%\" viewbox=\"0 0 6 11\" fill=\"none\" xmlns=\"http:\/\/www.w3.org\/2000\/svg\">\n<path d=\"M0.175137 1.04544C-0.0624957 0.801051 -0.057116 0.411634 0.186794 0.174404C0.4316 -0.0628252 0.821676 -0.0574541 1.05931 0.186937L5.82361 5.09089L5.38153 5.52059L5.82541 5.09089C6.06304 5.33618 6.05766 5.72649 5.81196 5.96461C5.80478 5.97178 5.79761 5.97804 5.79043 5.98431L1.05931 10.8131C0.821676 11.0575 0.4316 11.0628 0.186794 10.8256C-0.0580125 10.5884 -0.0624957 10.1981 0.175137 9.95456L4.52067 5.5188L0.175137 1.04544Z\" fill=\"#FAFAFA\"\/>\n<\/svg>\n\t\t\t\t<\/div>\n\t\t\t\t<\/a>\n\t\t<a class=\"elementor-element elementor-element-57752150 e-con-full section-link e-flex e-con e-child\" data-id=\"57752150\" data-element_type=\"container\" data-e-type=\"container\" tm-page-link=\"faq\" href=\"https:\/\/refugelacblanc.com\/en\/conditions-faq\/\">\n\t\t\t\t<div class=\"elementor-element elementor-element-24625c2d elementor-widget elementor-widget-heading\" data-id=\"24625c2d\" data-element_type=\"widget\" data-e-type=\"widget\" data-widget_type=\"heading.default\">\n\t\t\t\t\t<h3 class=\"elementor-heading-title elementor-size-default\">Terms &amp; FAQs<\/h3>\t\t\t\t<\/div>\n\t\t\t\t<div class=\"elementor-element elementor-element-3db38098 elementor-widget elementor-widget-html\" data-id=\"3db38098\" data-element_type=\"widget\" data-e-type=\"widget\" data-widget_type=\"html.default\">\n\t\t\t\t\t<svg width=\"100%\" height=\"100%\" viewbox=\"0 0 6 11\" fill=\"none\" xmlns=\"http:\/\/www.w3.org\/2000\/svg\">\n<path d=\"M0.175137 1.04544C-0.0624957 0.801051 -0.057116 0.411634 0.186794 0.174404C0.4316 -0.0628252 0.821676 -0.0574541 1.05931 0.186937L5.82361 5.09089L5.38153 5.52059L5.82541 5.09089C6.06304 5.33618 6.05766 5.72649 5.81196 5.96461C5.80478 5.97178 5.79761 5.97804 5.79043 5.98431L1.05931 10.8131C0.821676 11.0575 0.4316 11.0628 0.186794 10.8256C-0.0580125 10.5884 -0.0624957 10.1981 0.175137 9.95456L4.52067 5.5188L0.175137 1.04544Z\" fill=\"#FAFAFA\"\/>\n<\/svg>\n\t\t\t\t<\/div>\n\t\t\t\t<\/a>\n\t\t\t\t<\/div>\n\t\t\t\t<\/div>\n\t\t\t\t<div class=\"elementor-element elementor-element-9b90a85 elementor-widget__width-initial elementor-absolute tm-trigger__container elementor-widget elementor-widget-html\" data-id=\"9b90a85\" data-element_type=\"widget\" data-e-type=\"widget\" data-settings=\"{&quot;_position&quot;:&quot;absolute&quot;}\" data-widget_type=\"html.default\">\n\t\t\t\t\t<div class=\"tm-trigger\" tm-target=\"explore__block\"><\/div>\t\t\t\t<\/div>\n\t\t\t\t\t<\/div>\n\t\t\t\t<\/section>\n\t\t\t\t<\/div>\n\t\t\t\t<\/div>\n\t\t\t\t\t\t<\/div>\n\t\t\t\t<\/div>\n\t\t\t\t\t<\/div>\n\t\t\t\t<\/div>\n\t\t\t\t<\/div>","protected":false},"excerpt":{"rendered":"<p>G\u00e9rer ma r\u00e9servation Pour r\u00e9server votre s\u00e9jour au refuge : Formulaire de r\u00e9servation Trouver ma r\u00e9servation Utilisez le num\u00e9ro de r\u00e9servation et le nom de famille exact que vous avez re\u00e7u par email.<\/p>","protected":false},"author":1,"featured_media":0,"parent":0,"menu_order":0,"comment_status":"closed","ping_status":"closed","template":"","meta":{"_acf_changed":false,"footnotes":""},"class_list":["post-513","page","type-page","status-publish","hentry"],"acf":[],"_links":{"self":[{"href":"https:\/\/refugelacblanc.com\/en\/wp-json\/wp\/v2\/pages\/513","targetHints":{"allow":["GET"]}}],"collection":[{"href":"https:\/\/refugelacblanc.com\/en\/wp-json\/wp\/v2\/pages"}],"about":[{"href":"https:\/\/refugelacblanc.com\/en\/wp-json\/wp\/v2\/types\/page"}],"author":[{"embeddable":true,"href":"https:\/\/refugelacblanc.com\/en\/wp-json\/wp\/v2\/users\/1"}],"replies":[{"embeddable":true,"href":"https:\/\/refugelacblanc.com\/en\/wp-json\/wp\/v2\/comments?post=513"}],"version-history":[{"count":0,"href":"https:\/\/refugelacblanc.com\/en\/wp-json\/wp\/v2\/pages\/513\/revisions"}],"wp:attachment":[{"href":"https:\/\/refugelacblanc.com\/en\/wp-json\/wp\/v2\/media?parent=513"}],"curies":[{"name":"wp","href":"https:\/\/api.w.org\/{rel}","templated":true}]}}